{"id":95,"date":"2025-07-29T09:39:31","date_gmt":"2025-07-29T09:39:31","guid":{"rendered":"https:\/\/dev-tms-solution.pantheonsite.io\/?page_id=95"},"modified":"2025-08-04T10:52:31","modified_gmt":"2025-08-04T10:52:31","slug":"testimonios-de-agentes","status":"publish","type":"page","link":"https:\/\/tmsbrokerage.com\/es\/agent-testimonials\/","title":{"rendered":"Testimonios de agentes"},"content":{"rendered":"<div data-elementor-type=\"wp-page\" data-elementor-id=\"95\" class=\"elementor elementor-95\" data-elementor-post-type=\"page\">\n\t\t\t\t<div class=\"elementor-element elementor-element-575103a e-flex e-con-boxed e-con e-parent\" data-id=\"575103a\" data-element_type=\"container\" data-e-type=\"container\" data-settings=\"{&quot;background_background&quot;:&quot;classic&quot;}\">\n\t\t\t\t\t<div class=\"e-con-inner\">\n\t\t\t\t<div class=\"elementor-element elementor-element-d943af1 elementor-widget elementor-widget-heading\" data-id=\"d943af1\" data-element_type=\"widget\" data-e-type=\"widget\" data-widget_type=\"heading.default\">\n\t\t\t\t\t<h2 class=\"elementor-heading-title elementor-size-default\">Testimonios de Agentes<\/h2>\t\t\t\t<\/div>\n\t\t\t\t\t<\/div>\n\t\t\t\t<\/div>\n\t\t<div class=\"elementor-element elementor-element-f1bea24 e-flex e-con-boxed e-con e-parent\" data-id=\"f1bea24\" data-element_type=\"container\" data-e-type=\"container\">\n\t\t\t\t\t<div class=\"e-con-inner\">\n\t\t\t\t<div class=\"elementor-element elementor-element-4530d1c elementor-testimonial--align-left elementor-testimonial--skin-default elementor-testimonial--layout-image_inline elementor-arrows-yes elementor-widget elementor-widget-testimonial-carousel\" data-id=\"4530d1c\" data-element_type=\"widget\" data-e-type=\"widget\" data-settings=\"{&quot;slides_per_view&quot;:&quot;2&quot;,&quot;slides_to_scroll&quot;:&quot;1&quot;,&quot;autoplay_speed&quot;:3000,&quot;show_arrows&quot;:&quot;yes&quot;,&quot;speed&quot;:500,&quot;autoplay&quot;:&quot;yes&quot;,&quot;loop&quot;:&quot;yes&quot;,&quot;pause_on_hover&quot;:&quot;yes&quot;,&quot;pause_on_interaction&quot;:&quot;yes&quot;,&quot;space_between&quot;:{&quot;unit&quot;:&quot;px&quot;,&quot;size&quot;:10,&quot;sizes&quot;:[]},&quot;space_between_tablet&quot;:{&quot;unit&quot;:&quot;px&quot;,&quot;size&quot;:10,&quot;sizes&quot;:[]},&quot;space_between_mobile&quot;:{&quot;unit&quot;:&quot;px&quot;,&quot;size&quot;:10,&quot;sizes&quot;:[]}}\" data-widget_type=\"testimonial-carousel.default\">\n\t\t\t\t\t\t\t\t\t\t<div class=\"elementor-main-swiper swiper\" role=\"region\" aria-roledescription=\"carousel\" aria-label=\"Diapositivas\">\n\t\t\t\t<div class=\"swiper-wrapper\">\n\t\t\t\t\t\t\t\t\t\t\t<div class=\"swiper-slide\" role=\"group\" aria-roledescription=\"slide\">\n\t\t\t\t\t\t\t\t\t<div class=\"elementor-testimonial\">\n\t\t\t\t\t\t\t<div class=\"elementor-testimonial__content\">\n\t\t\t\t\t<div class=\"elementor-testimonial__text\">\n\t\t\t\t\t\tDesde que me un\u00ed a TMS hace 4 a\u00f1os, no solo he ampliado mi conocimiento de Medicare, sino tambi\u00e9n mi flexibilidad de contratar con m\u00faltiples compa\u00f1\u00edas. El apoyo que recibo es fundamental para tener acceso a contratos, conocimiento de productos y conocer a muchos otros agentes de las diferentes compa\u00f1\u00edas que represento. \u00a1TMS me ha ayudado a estar mejor educado y preparado para los diferentes obst\u00e1culos que forman parte de los planes de Medicare!\t\t\t\t\t<\/div>\n\t\t\t\t\t\t\t\t\t<\/div>\n\t\t\t\t\t\t<div class=\"elementor-testimonial__footer\">\n\t\t\t\t\t\t\t\t\t<div class=\"elementor-testimonial__image\">\n\t\t\t\t\t\t<img decoding=\"async\" src=\"https:\/\/tmsbrokerage.com\/wp-content\/uploads\/2025\/07\/imgi_5_cuadra-150x150-1.jpg\" alt=\"Vince Cuadrs\">\n\t\t\t\t\t\t\t\t\t\t\t<\/div>\n\t\t\t\t\t\t\t\t<cite class=\"elementor-testimonial__cite\"><span class=\"elementor-testimonial__name\">Vince Cuadrs<\/span><span class=\"elementor-testimonial__title\">Edades de venta con licencia<\/span><\/cite>\t\t\t<\/div>\n\t\t<\/div>\n\t\t\t\t\t\t\t\t<\/div>\n\t\t\t\t\t\t\t\t\t\t\t<div class=\"swiper-slide\" role=\"group\" aria-roledescription=\"slide\">\n\t\t\t\t\t\t\t\t\t<div class=\"elementor-testimonial\">\n\t\t\t\t\t\t\t<div class=\"elementor-testimonial__content\">\n\t\t\t\t\t<div class=\"elementor-testimonial__text\">\n\t\t\t\t\t\tEstoy feliz de ser un agente de TMS porque, a lo largo de mi carrera, TMS me ha brindado el mayor apoyo. TMS asegura que todos los recursos y herramientas posibles est\u00e9n disponibles para garantizar mi \u00e9xito. Adem\u00e1s, somos una agencia que se preocupa primero por los clientes. Esa filosof\u00eda asegura nuestro crecimiento continuo. Estoy orgulloso de ser parte de un equipo tan maravilloso.\t\t\t\t\t<\/div>\n\t\t\t\t\t\t\t\t\t<\/div>\n\t\t\t\t\t\t<div class=\"elementor-testimonial__footer\">\n\t\t\t\t\t\t\t\t\t<div class=\"elementor-testimonial__image\">\n\t\t\t\t\t\t<img decoding=\"async\" src=\"https:\/\/tmsbrokerage.com\/wp-content\/uploads\/2025\/07\/imgi_6_manzano-150x150-1.jpg\" alt=\"Manny Manzano\">\n\t\t\t\t\t\t\t\t\t\t\t<\/div>\n\t\t\t\t\t\t\t\t<cite class=\"elementor-testimonial__cite\"><span class=\"elementor-testimonial__name\">Manny Manzano<\/span><span class=\"elementor-testimonial__title\">Agente de ventas autorizado<\/span><\/cite>\t\t\t<\/div>\n\t\t<\/div>\n\t\t\t\t\t\t\t\t<\/div>\n\t\t\t\t\t\t\t\t\t\t\t<div class=\"swiper-slide\" role=\"group\" aria-roledescription=\"slide\">\n\t\t\t\t\t\t\t\t\t<div class=\"elementor-testimonial\">\n\t\t\t\t\t\t\t<div class=\"elementor-testimonial__content\">\n\t\t\t\t\t<div class=\"elementor-testimonial__text\">\n\t\t\t\t\t\tExcelencia en su m\u00e1xima expresi\u00f3n \u2014 cuando llegamos a TMS, nuestras ventas eran bajas y no ten\u00edamos apoyo de ning\u00fan FMO. TMS nos ayud\u00f3 a tomar decisiones dif\u00edciles y correctas para nuestra compa\u00f1\u00eda, resultando en el giro m\u00e1s exitoso, todo dentro de un a\u00f1o.\t\t\t\t\t<\/div>\n\t\t\t\t\t\t\t\t\t<\/div>\n\t\t\t\t\t\t<div class=\"elementor-testimonial__footer\">\n\t\t\t\t\t\t\t\t\t<div class=\"elementor-testimonial__image\">\n\t\t\t\t\t\t<img decoding=\"async\" src=\"https:\/\/tmsbrokerage.com\/wp-content\/uploads\/2025\/07\/imgi_7_DIANA-GARCIA-FINAL.-150x150-1.jpg\" alt=\"Diana Garc\u00eda\">\n\t\t\t\t\t\t\t\t\t\t\t<\/div>\n\t\t\t\t\t\t\t\t<cite class=\"elementor-testimonial__cite\"><span class=\"elementor-testimonial__name\">Diana Garc\u00eda<\/span><span class=\"elementor-testimonial__title\">Agencia Principal - Acumen Insurance, LLC<\/span><\/cite>\t\t\t<\/div>\n\t\t<\/div>\n\t\t\t\t\t\t\t\t<\/div>\n\t\t\t\t\t\t\t\t\t\t\t<div class=\"swiper-slide\" role=\"group\" aria-roledescription=\"slide\">\n\t\t\t\t\t\t\t\t\t<div class=\"elementor-testimonial\">\n\t\t\t\t\t\t\t<div class=\"elementor-testimonial__content\">\n\t\t\t\t\t<div class=\"elementor-testimonial__text\">\n\t\t\t\t\t\tTrabajar con TMS ha sido una experiencia incre\u00edble por el apoyo que recibo. Nunca me he sentido solo; de hecho, siento que soy parte de una familia, lo cual es muy importante en este negocio.\t\t\t\t\t<\/div>\n\t\t\t\t\t\t\t\t\t<\/div>\n\t\t\t\t\t\t<div class=\"elementor-testimonial__footer\">\n\t\t\t\t\t\t\t\t\t<div class=\"elementor-testimonial__image\">\n\t\t\t\t\t\t<img decoding=\"async\" src=\"https:\/\/tmsbrokerage.com\/wp-content\/uploads\/2025\/07\/imgi_3_natalie4-150x150-1.jpg\" alt=\"Natalie G\u00e1mez\">\n\t\t\t\t\t\t\t\t\t\t\t<\/div>\n\t\t\t\t\t\t\t\t<cite class=\"elementor-testimonial__cite\"><span class=\"elementor-testimonial__name\">Natalie G\u00e1mez<\/span><span class=\"elementor-testimonial__title\">Agente de ventas autorizado<\/span><\/cite>\t\t\t<\/div>\n\t\t<\/div>\n\t\t\t\t\t\t\t\t<\/div>\n\t\t\t\t\t\t\t\t\t\t\t<div class=\"swiper-slide\" role=\"group\" aria-roledescription=\"slide\">\n\t\t\t\t\t\t\t\t\t<div class=\"elementor-testimonial\">\n\t\t\t\t\t\t\t<div class=\"elementor-testimonial__content\">\n\t\t\t\t\t<div class=\"elementor-testimonial__text\">\n\t\t\t\t\t\tSiento que no es solo una agencia a la que pertenezco, se siente como una familia. Tengo confianza en que cuando necesito ayuda, alguien me respalda. He estado con otra agencia y nunca recib\u00ed apoyo de marketing. Esto fue una parte vital que me ayud\u00f3 a tener \u00e9xito\t\t\t\t\t<\/div>\n\t\t\t\t\t\t\t\t\t<\/div>\n\t\t\t\t\t\t<div class=\"elementor-testimonial__footer\">\n\t\t\t\t\t\t\t\t\t<div class=\"elementor-testimonial__image\">\n\t\t\t\t\t\t<img decoding=\"async\" src=\"https:\/\/tmsbrokerage.com\/wp-content\/uploads\/2025\/07\/imgi_4_marthacruz-150x150-1.jpg\" alt=\"Martha Ch\u00e1vez\">\n\t\t\t\t\t\t\t\t\t\t\t<\/div>\n\t\t\t\t\t\t\t\t<cite class=\"elementor-testimonial__cite\"><span class=\"elementor-testimonial__name\">Martha Ch\u00e1vez<\/span><span class=\"elementor-testimonial__title\">Agente de ventas autorizado<\/span><\/cite>\t\t\t<\/div>\n\t\t<\/div>\n\t\t\t\t\t\t\t\t<\/div>\n\t\t\t\t\t\t\t\t\t<\/div>\n\t\t\t\t\t\t\t\t\t\t\t\t\t\t\t<div class=\"elementor-swiper-button elementor-swiper-button-prev\" role=\"button\" tabindex=\"0\" aria-label=\"Anterior\">\n\t\t\t\t\t\t\t<svg aria-hidden=\"true\" class=\"e-font-icon-svg e-eicon-chevron-left\" viewbox=\"0 0 1000 1000\" xmlns=\"http:\/\/www.w3.org\/2000\/svg\"><path d=\"M646 125C629 125 613 133 604 142L308 442C296 454 292 471 292 487 292 504 296 521 308 533L604 854C617 867 629 875 646 875 663 875 679 871 692 858 704 846 713 829 713 812 713 796 708 779 692 767L438 487 692 225C700 217 708 204 708 187 708 171 704 154 692 142 675 129 663 125 646 125Z\"><\/path><\/svg>\t\t\t\t\t\t<\/div>\n\t\t\t\t\t\t<div class=\"elementor-swiper-button elementor-swiper-button-next\" role=\"button\" tabindex=\"0\" aria-label=\"Siguiente\">\n\t\t\t\t\t\t\t<svg aria-hidden=\"true\" class=\"e-font-icon-svg e-eicon-chevron-right\" viewbox=\"0 0 1000 1000\" xmlns=\"http:\/\/www.w3.org\/2000\/svg\"><path d=\"M696 533C708 521 713 504 713 487 713 471 708 454 696 446L400 146C388 133 375 125 354 125 338 125 325 129 313 142 300 154 292 171 292 187 292 204 296 221 308 233L563 492 304 771C292 783 288 800 288 817 288 833 296 850 308 863 321 871 338 875 354 875 371 875 388 867 400 854L696 533Z\"><\/path><\/svg>\t\t\t\t\t\t<\/div>\n\t\t\t\t\t\t\t\t\t\t\t\t\t\t\t\t\t<\/div>\n\t\t\t\t\t\t\t\t<\/div>\n\t\t\t\t\t<\/div>\n\t\t\t\t<\/div>\n\t\t\t\t<\/div>","protected":false},"excerpt":{"rendered":"<p>AGENT TESTIMONIALS Since joining TMS 4 years ago, I have not only expanded my Medicare knowledge but also my flexibility of contracting with multiple companies. The support I get is fundamental to having access to contracts, product knowledge and meeting many other agents with the different companies I represent. TMS has helped me become better [&hellip;]<\/p>\n","protected":false},"author":1,"featured_media":0,"parent":0,"menu_order":0,"comment_status":"closed","ping_status":"closed","template":"elementor_header_footer","meta":{"footnotes":""},"class_list":["post-95","page","type-page","status-publish","hentry"],"yoast_head":"<!-- This site is optimized with the Yoast SEO plugin v27.2 - https:\/\/yoast.com\/product\/yoast-seo-wordpress\/ -->\n<title>Agent Testimonials - TMS - Medicare FMO Texas<\/title>\n<meta name=\"description\" content=\"Explore TMS brokerage agent testimonials for unparalleled insights: real agents, real stories, and feedback. Contact us to discover more now\" \/>\n<meta name=\"robots\" content=\"index, follow, max-snippet:-1, max-image-preview:large, max-video-preview:-1\" \/>\n<link rel=\"canonical\" href=\"https:\/\/tmsbrokerage.com\/es\/testimonios-de-agentes\/\" \/>\n<meta property=\"og:locale\" content=\"es_ES\" \/>\n<meta property=\"og:type\" content=\"article\" \/>\n<meta property=\"og:title\" content=\"Agent Testimonials - TMS - Medicare FMO Texas\" \/>\n<meta property=\"og:description\" content=\"Explore TMS brokerage agent testimonials for unparalleled insights: real agents, real stories, and feedback. Contact us to discover more now\" \/>\n<meta property=\"og:url\" content=\"https:\/\/tmsbrokerage.com\/es\/testimonios-de-agentes\/\" \/>\n<meta property=\"og:site_name\" content=\"TMS - Medicare FMO Texas\" \/>\n<meta property=\"article:modified_time\" content=\"2025-08-04T10:52:31+00:00\" \/>\n<meta property=\"og:image\" content=\"https:\/\/tmsbrokerage.com\/wp-content\/uploads\/2025\/07\/imgi_5_cuadra-150x150-1.jpg\" \/>\n<meta name=\"twitter:card\" content=\"summary_large_image\" \/>\n<meta name=\"twitter:label1\" content=\"Tiempo de lectura\" \/>\n\t<meta name=\"twitter:data1\" content=\"3 minutos\" \/>\n<script type=\"application\/ld+json\" class=\"yoast-schema-graph\">{\"@context\":\"https:\/\/schema.org\",\"@graph\":[{\"@type\":\"WebPage\",\"@id\":\"https:\/\/tmsbrokerage.com\/agent-testimonials\/\",\"url\":\"https:\/\/tmsbrokerage.com\/agent-testimonials\/\",\"name\":\"Agent Testimonials - TMS - Medicare FMO Texas\",\"isPartOf\":{\"@id\":\"https:\/\/tmsbrokerage.com\/#website\"},\"primaryImageOfPage\":{\"@id\":\"https:\/\/tmsbrokerage.com\/agent-testimonials\/#primaryimage\"},\"image\":{\"@id\":\"https:\/\/tmsbrokerage.com\/agent-testimonials\/#primaryimage\"},\"thumbnailUrl\":\"https:\/\/tmsbrokerage.com\/wp-content\/uploads\/2025\/07\/imgi_5_cuadra-150x150-1.jpg\",\"datePublished\":\"2025-07-29T09:39:31+00:00\",\"dateModified\":\"2025-08-04T10:52:31+00:00\",\"description\":\"Explore TMS brokerage agent testimonials for unparalleled insights: real agents, real stories, and feedback. Contact us to discover more now\",\"breadcrumb\":{\"@id\":\"https:\/\/tmsbrokerage.com\/agent-testimonials\/#breadcrumb\"},\"inLanguage\":\"es\",\"potentialAction\":[{\"@type\":\"ReadAction\",\"target\":[\"https:\/\/tmsbrokerage.com\/agent-testimonials\/\"]}]},{\"@type\":\"ImageObject\",\"inLanguage\":\"es\",\"@id\":\"https:\/\/tmsbrokerage.com\/agent-testimonials\/#primaryimage\",\"url\":\"https:\/\/tmsbrokerage.com\/wp-content\/uploads\/2025\/07\/imgi_5_cuadra-150x150-1.jpg\",\"contentUrl\":\"https:\/\/tmsbrokerage.com\/wp-content\/uploads\/2025\/07\/imgi_5_cuadra-150x150-1.jpg\"},{\"@type\":\"BreadcrumbList\",\"@id\":\"https:\/\/tmsbrokerage.com\/agent-testimonials\/#breadcrumb\",\"itemListElement\":[{\"@type\":\"ListItem\",\"position\":1,\"name\":\"Home\",\"item\":\"https:\/\/tmsbrokerage.com\/\"},{\"@type\":\"ListItem\",\"position\":2,\"name\":\"Agent Testimonials\"}]},{\"@type\":\"WebSite\",\"@id\":\"https:\/\/tmsbrokerage.com\/#website\",\"url\":\"https:\/\/tmsbrokerage.com\/\",\"name\":\"TMS - Medicare FMO Texas\",\"description\":\"Medicare FMO San Antonio Texas\",\"potentialAction\":[{\"@type\":\"SearchAction\",\"target\":{\"@type\":\"EntryPoint\",\"urlTemplate\":\"https:\/\/tmsbrokerage.com\/?s={search_term_string}\"},\"query-input\":{\"@type\":\"PropertyValueSpecification\",\"valueRequired\":true,\"valueName\":\"search_term_string\"}}],\"inLanguage\":\"es\"}]}<\/script>\n<!-- \/ Yoast SEO plugin. -->","yoast_head_json":{"title":"Testimonios de agentes - TMS - Medicare FMO Texas","description":"Explore los testimonios de los agentes de corretaje de TMS para obtener informaci\u00f3n inigualable: agentes reales, historias reales y opiniones. P\u00f3ngase en contacto con nosotros para obtener m\u00e1s informaci\u00f3n","robots":{"index":"index","follow":"follow","max-snippet":"max-snippet:-1","max-image-preview":"max-image-preview:large","max-video-preview":"max-video-preview:-1"},"canonical":"https:\/\/tmsbrokerage.com\/es\/testimonios-de-agentes\/","og_locale":"es_ES","og_type":"article","og_title":"Agent Testimonials - TMS - Medicare FMO Texas","og_description":"Explore TMS brokerage agent testimonials for unparalleled insights: real agents, real stories, and feedback. Contact us to discover more now","og_url":"https:\/\/tmsbrokerage.com\/es\/testimonios-de-agentes\/","og_site_name":"TMS - Medicare FMO Texas","article_modified_time":"2025-08-04T10:52:31+00:00","og_image":[{"url":"https:\/\/tmsbrokerage.com\/wp-content\/uploads\/2025\/07\/imgi_5_cuadra-150x150-1.jpg","type":"","width":"","height":""}],"twitter_card":"summary_large_image","twitter_misc":{"Tiempo de lectura":"3 minutos"},"schema":{"@context":"https:\/\/schema.org","@graph":[{"@type":"WebPage","@id":"https:\/\/tmsbrokerage.com\/agent-testimonials\/","url":"https:\/\/tmsbrokerage.com\/agent-testimonials\/","name":"Testimonios de agentes - TMS - Medicare FMO Texas","isPartOf":{"@id":"https:\/\/tmsbrokerage.com\/#website"},"primaryImageOfPage":{"@id":"https:\/\/tmsbrokerage.com\/agent-testimonials\/#primaryimage"},"image":{"@id":"https:\/\/tmsbrokerage.com\/agent-testimonials\/#primaryimage"},"thumbnailUrl":"https:\/\/tmsbrokerage.com\/wp-content\/uploads\/2025\/07\/imgi_5_cuadra-150x150-1.jpg","datePublished":"2025-07-29T09:39:31+00:00","dateModified":"2025-08-04T10:52:31+00:00","description":"Explore los testimonios de los agentes de corretaje de TMS para obtener informaci\u00f3n inigualable: agentes reales, historias reales y opiniones. P\u00f3ngase en contacto con nosotros para obtener m\u00e1s informaci\u00f3n","breadcrumb":{"@id":"https:\/\/tmsbrokerage.com\/agent-testimonials\/#breadcrumb"},"inLanguage":"es","potentialAction":[{"@type":"ReadAction","target":["https:\/\/tmsbrokerage.com\/agent-testimonials\/"]}]},{"@type":"ImageObject","inLanguage":"es","@id":"https:\/\/tmsbrokerage.com\/agent-testimonials\/#primaryimage","url":"https:\/\/tmsbrokerage.com\/wp-content\/uploads\/2025\/07\/imgi_5_cuadra-150x150-1.jpg","contentUrl":"https:\/\/tmsbrokerage.com\/wp-content\/uploads\/2025\/07\/imgi_5_cuadra-150x150-1.jpg"},{"@type":"BreadcrumbList","@id":"https:\/\/tmsbrokerage.com\/agent-testimonials\/#breadcrumb","itemListElement":[{"@type":"ListItem","position":1,"name":"Home","item":"https:\/\/tmsbrokerage.com\/"},{"@type":"ListItem","position":2,"name":"Agent Testimonials"}]},{"@type":"WebSite","@id":"https:\/\/tmsbrokerage.com\/#website","url":"https:\/\/tmsbrokerage.com\/","name":"TMS - Medicare FMO Texas","description":"Medicare FMO San Antonio Texas","potentialAction":[{"@type":"SearchAction","target":{"@type":"EntryPoint","urlTemplate":"https:\/\/tmsbrokerage.com\/?s={search_term_string}"},"query-input":{"@type":"PropertyValueSpecification","valueRequired":true,"valueName":"search_term_string"}}],"inLanguage":"es"}]}},"_links":{"self":[{"href":"https:\/\/tmsbrokerage.com\/es\/wp-json\/wp\/v2\/pages\/95","targetHints":{"allow":["GET"]}}],"collection":[{"href":"https:\/\/tmsbrokerage.com\/es\/wp-json\/wp\/v2\/pages"}],"about":[{"href":"https:\/\/tmsbrokerage.com\/es\/wp-json\/wp\/v2\/types\/page"}],"author":[{"embeddable":true,"href":"https:\/\/tmsbrokerage.com\/es\/wp-json\/wp\/v2\/users\/1"}],"replies":[{"embeddable":true,"href":"https:\/\/tmsbrokerage.com\/es\/wp-json\/wp\/v2\/comments?post=95"}],"version-history":[{"count":13,"href":"https:\/\/tmsbrokerage.com\/es\/wp-json\/wp\/v2\/pages\/95\/revisions"}],"predecessor-version":[{"id":114,"href":"https:\/\/tmsbrokerage.com\/es\/wp-json\/wp\/v2\/pages\/95\/revisions\/114"}],"wp:attachment":[{"href":"https:\/\/tmsbrokerage.com\/es\/wp-json\/wp\/v2\/media?parent=95"}],"curies":[{"name":"wp","href":"https:\/\/api.w.org\/{rel}","templated":true}]}}