{"id":70,"date":"2025-07-29T09:03:58","date_gmt":"2025-07-29T09:03:58","guid":{"rendered":"https:\/\/dev-tms-solution.pantheonsite.io\/?page_id=70"},"modified":"2025-08-04T10:51:36","modified_gmt":"2025-08-04T10:51:36","slug":"recursos-para-agentes","status":"publish","type":"page","link":"https:\/\/tmsbrokerage.com\/es\/agent-resources\/","title":{"rendered":"Recursos para agentes"},"content":{"rendered":"<div data-elementor-type=\"wp-page\" data-elementor-id=\"70\" class=\"elementor elementor-70\" data-elementor-post-type=\"page\">\n\t\t\t\t<div class=\"elementor-element elementor-element-54c80e2 e-flex e-con-boxed e-con e-parent\" data-id=\"54c80e2\" data-element_type=\"container\" data-e-type=\"container\" data-settings=\"{&quot;background_background&quot;:&quot;classic&quot;}\">\n\t\t\t\t\t<div class=\"e-con-inner\">\n\t\t\t\t<div class=\"elementor-element elementor-element-6a7aece elementor-widget elementor-widget-heading\" data-id=\"6a7aece\" data-element_type=\"widget\" data-e-type=\"widget\" data-widget_type=\"heading.default\">\n\t\t\t\t\t<h2 class=\"elementor-heading-title elementor-size-default\">\u00bfPOR QU\u00c9 LA EMT?<\/h2>\t\t\t\t<\/div>\n\t\t\t\t\t<\/div>\n\t\t\t\t<\/div>\n\t\t<div class=\"elementor-element elementor-element-75102f90 e-flex e-con-boxed e-con e-parent\" data-id=\"75102f90\" data-element_type=\"container\" data-e-type=\"container\">\n\t\t\t\t\t<div class=\"e-con-inner\">\n\t\t\t\t<div class=\"elementor-element elementor-element-5895dee elementor-widget elementor-widget-elementskit-heading\" data-id=\"5895dee\" data-element_type=\"widget\" data-e-type=\"widget\" data-widget_type=\"elementskit-heading.default\">\n\t\t\t\t\t<div class=\"ekit-wid-con\" ><div class=\"ekit-heading elementskit-section-title-wraper center   ekit_heading_tablet-   ekit_heading_mobile-\"><h2 class=\"ekit-heading--title elementskit-section-title\">\u00bfPor Qu\u00e9 Nosotros?<\/h2><div class=\"ekit_heading_separetor_wraper ekit_heading_elementskit-border-divider elementskit-style-long\"><div class=\"elementskit-border-divider elementskit-style-long\"><\/div><\/div><\/div><\/div>\t\t\t\t<\/div>\n\t\t<div class=\"elementor-element elementor-element-7178b3ab e-con-full e-grid e-con e-child\" data-id=\"7178b3ab\" data-element_type=\"container\" data-e-type=\"container\">\n\t\t\t\t<div class=\"elementor-element elementor-element-5bcf3a29 ekit-equal-height-disable elementor-widget elementor-widget-elementskit-icon-box\" data-id=\"5bcf3a29\" data-element_type=\"widget\" data-e-type=\"widget\" data-widget_type=\"elementskit-icon-box.default\">\n\t\t\t\t\t<div class=\"ekit-wid-con\" >        <!-- link opening -->\n                <a href=\"#\" class=\"ekit_global_links\">\n                <!-- end link opening -->\n\n        <div class=\"elementskit-infobox text- text-left icon-lef-right-aligin elementor-animation- media\">\n                    <div class=\"elementskit-box-header elementor-animation-\">\n                <div class=\"elementskit-info-box-icon  text-center\">\n                    <i aria-hidden=\"true\" class=\"elementkit-infobox-icon icon icon-dollar-bill\"><\/i>\n                <\/div>\n          <\/div>\n                        <div class=\"box-body\">\n                            <h3 class=\"elementskit-info-box-title\">\n                    Apoyo de Marketing                <\/h3>\n                        \t\t  \t<p>Tenemos muchas oportunidades de co-op para ayudar a los agentes a generar leads. La mayor\u00eda de las oportunidades de co-op est\u00e1n vinculadas a la producci\u00f3n por razones obvias.<\/p>\n                                <\/div>\n        \n        \n                <\/div>\n                <\/a>\n        <\/div>\t\t\t\t<\/div>\n\t\t\t\t<div class=\"elementor-element elementor-element-39268164 ekit-equal-height-disable elementor-widget elementor-widget-elementskit-icon-box\" data-id=\"39268164\" data-element_type=\"widget\" data-e-type=\"widget\" data-widget_type=\"elementskit-icon-box.default\">\n\t\t\t\t\t<div class=\"ekit-wid-con\" >        <!-- link opening -->\n                <a href=\"#\" class=\"ekit_global_links\">\n                <!-- end link opening -->\n\n        <div class=\"elementskit-infobox text- text-left icon-lef-right-aligin elementor-animation- media\">\n                    <div class=\"elementskit-box-header elementor-animation-\">\n                <div class=\"elementskit-info-box-icon  text-center\">\n                    <i aria-hidden=\"true\" class=\"elementkit-infobox-icon icon icon-screen\"><\/i>\n                <\/div>\n          <\/div>\n                        <div class=\"box-body\">\n                            <h3 class=\"elementskit-info-box-title\">\n                    Enfoque de Marketing                <\/h3>\n                        \t\t  \t<p>Para la mayor\u00eda de los productores, dise\u00f1aremos volantes individuales, postales y sitios web para algunos. (Basado en producci\u00f3n)<\/p>\n                                <\/div>\n        \n        \n                <\/div>\n                <\/a>\n        <\/div>\t\t\t\t<\/div>\n\t\t\t\t<div class=\"elementor-element elementor-element-5e4ea0db ekit-equal-height-disable elementor-widget elementor-widget-elementskit-icon-box\" data-id=\"5e4ea0db\" data-element_type=\"widget\" data-e-type=\"widget\" data-widget_type=\"elementskit-icon-box.default\">\n\t\t\t\t\t<div class=\"ekit-wid-con\" >        <!-- link opening -->\n                <a href=\"#\" class=\"ekit_global_links\">\n                <!-- end link opening -->\n\n        <div class=\"elementskit-infobox text- text-left icon-lef-right-aligin elementor-animation- media\">\n                    <div class=\"elementskit-box-header elementor-animation-\">\n                <div class=\"elementskit-info-box-icon  text-center\">\n                    <i aria-hidden=\"true\" class=\"elementkit-infobox-icon icon icon-Computer\"><\/i>\n                <\/div>\n          <\/div>\n                        <div class=\"box-body\">\n                            <h3 class=\"elementskit-info-box-title\">\n                    Capacitaci\u00f3n Continua                 <\/h3>\n                        \t\t  \t<p>Realizamos webinars frecuentes para ayudarte a ser m\u00e1s exitoso. Usa nuestros a\u00f1os de experiencia para aumentar tus probabilidades de \u00e9xito.<\/p>\n                                <\/div>\n        \n        \n                <\/div>\n                <\/a>\n        <\/div>\t\t\t\t<\/div>\n\t\t\t\t<div class=\"elementor-element elementor-element-5fa18e1 ekit-equal-height-disable elementor-widget elementor-widget-elementskit-icon-box\" data-id=\"5fa18e1\" data-element_type=\"widget\" data-e-type=\"widget\" data-widget_type=\"elementskit-icon-box.default\">\n\t\t\t\t\t<div class=\"ekit-wid-con\" >        <!-- link opening -->\n                <a href=\"#\" class=\"ekit_global_links\">\n                <!-- end link opening -->\n\n        <div class=\"elementskit-infobox text- text-left icon-lef-right-aligin elementor-animation- media\">\n                    <div class=\"elementskit-box-header elementor-animation-\">\n                <div class=\"elementskit-info-box-icon  text-center\">\n                    <svg aria-hidden=\"true\" class=\"elementkit-infobox-icon e-font-icon-svg e-fas-file-alt\" viewbox=\"0 0 384 512\" xmlns=\"http:\/\/www.w3.org\/2000\/svg\"><path d=\"M224 136V0H24C10.7 0 0 10.7 0 24v464c0 13.3 10.7 24 24 24h336c13.3 0 24-10.7 24-24V160H248c-13.2 0-24-10.8-24-24zm64 236c0 6.6-5.4 12-12 12H108c-6.6 0-12-5.4-12-12v-8c0-6.6 5.4-12 12-12h168c6.6 0 12 5.4 12 12v8zm0-64c0 6.6-5.4 12-12 12H108c-6.6 0-12-5.4-12-12v-8c0-6.6 5.4-12 12-12h168c6.6 0 12 5.4 12 12v8zm0-72v8c0 6.6-5.4 12-12 12H108c-6.6 0-12-5.4-12-12v-8c0-6.6 5.4-12 12-12h168c6.6 0 12 5.4 12 12zm96-114.1v6.1H256V0h6.1c6.4 0 12.5 2.5 17 7l97.9 98c4.5 4.5 7 10.6 7 16.9z\"><\/path><\/svg>\n                <\/div>\n          <\/div>\n                        <div class=\"box-body\">\n                            <h3 class=\"elementskit-info-box-title\">\n                    Cotizaci\u00f3n simple                 <\/h3>\n                        \t\t  \t<p>Todos los agentes tendr\u00e1n una URL personal que tus clientes podr\u00e1n utilizar para inscribirse ellos mismos.<\/p>\n                                <\/div>\n        \n        \n                <\/div>\n                <\/a>\n        <\/div>\t\t\t\t<\/div>\n\t\t\t\t<div class=\"elementor-element elementor-element-533f4c97 ekit-equal-height-disable elementor-widget elementor-widget-elementskit-icon-box\" data-id=\"533f4c97\" data-element_type=\"widget\" data-e-type=\"widget\" data-widget_type=\"elementskit-icon-box.default\">\n\t\t\t\t\t<div class=\"ekit-wid-con\" >        <!-- link opening -->\n                <a href=\"#\" class=\"ekit_global_links\">\n                <!-- end link opening -->\n\n        <div class=\"elementskit-infobox text- text-left icon-lef-right-aligin elementor-animation- media\">\n                    <div class=\"elementskit-box-header elementor-animation-\">\n                <div class=\"elementskit-info-box-icon  text-center\">\n                    <svg aria-hidden=\"true\" class=\"elementkit-infobox-icon e-font-icon-svg e-fas-portrait\" viewbox=\"0 0 384 512\" xmlns=\"http:\/\/www.w3.org\/2000\/svg\"><path d=\"M336 0H48C21.5 0 0 21.5 0 48v416c0 26.5 21.5 48 48 48h288c26.5 0 48-21.5 48-48V48c0-26.5-21.5-48-48-48zM192 128c35.3 0 64 28.7 64 64s-28.7 64-64 64-64-28.7-64-64 28.7-64 64-64zm112 236.8c0 10.6-10 19.2-22.4 19.2H102.4C90 384 80 375.4 80 364.8v-19.2c0-31.8 30.1-57.6 67.2-57.6h5c12.3 5.1 25.7 8 39.8 8s27.6-2.9 39.8-8h5c37.1 0 67.2 25.8 67.2 57.6v19.2z\"><\/path><\/svg>\n                <\/div>\n          <\/div>\n                        <div class=\"box-body\">\n                            <h3 class=\"elementskit-info-box-title\">\n                    Apoyo en Capacitaci\u00f3n                <\/h3>\n                        \t\t  \t<p>Compartimos nuestros a\u00f1os de experiencia con nuestros agentes. Te damos las herramientas para ser exitoso en este negocio.<\/p>\n                                <\/div>\n        \n        \n                <\/div>\n                <\/a>\n        <\/div>\t\t\t\t<\/div>\n\t\t\t\t<div class=\"elementor-element elementor-element-a06ab9b ekit-equal-height-disable elementor-widget elementor-widget-elementskit-icon-box\" data-id=\"a06ab9b\" data-element_type=\"widget\" data-e-type=\"widget\" data-widget_type=\"elementskit-icon-box.default\">\n\t\t\t\t\t<div class=\"ekit-wid-con\" >        <!-- link opening -->\n                <a href=\"#\" class=\"ekit_global_links\">\n                <!-- end link opening -->\n\n        <div class=\"elementskit-infobox text- text-left icon-lef-right-aligin elementor-animation- media\">\n                    <div class=\"elementskit-box-header elementor-animation-\">\n                <div class=\"elementskit-info-box-icon  text-center\">\n                    <svg aria-hidden=\"true\" class=\"elementkit-infobox-icon e-font-icon-svg e-fas-search\" viewbox=\"0 0 512 512\" xmlns=\"http:\/\/www.w3.org\/2000\/svg\"><path d=\"M505 442.7L405.3 343c-4.5-4.5-10.6-7-17-7H372c27.6-35.3 44-79.7 44-128C416 93.1 322.9 0 208 0S0 93.1 0 208s93.1 208 208 208c48.3 0 92.7-16.4 128-44v16.3c0 6.4 2.5 12.5 7 17l99.7 99.7c9.4 9.4 24.6 9.4 33.9 0l28.3-28.3c9.4-9.4 9.4-24.6.1-34zM208 336c-70.7 0-128-57.2-128-128 0-70.7 57.2-128 128-128 70.7 0 128 57.2 128 128 0 70.7-57.2 128-128 128z\"><\/path><\/svg>\n                <\/div>\n          <\/div>\n                        <div class=\"box-body\">\n                            <h3 class=\"elementskit-info-box-title\">\n                    Supervisi\u00f3n de Cumplimiento                <\/h3>\n                        \t\t  \t<p>En el mundo de Medicare, que cambia constantemente, nosotros nos mantenemos al d\u00eda con el cumplimiento y te lo comunicamos regularmente.<\/p>\n                                <\/div>\n        \n        \n                <\/div>\n                <\/a>\n        <\/div>\t\t\t\t<\/div>\n\t\t\t\t<div class=\"elementor-element elementor-element-3740bf7 ekit-equal-height-disable elementor-widget elementor-widget-elementskit-icon-box\" data-id=\"3740bf7\" data-element_type=\"widget\" data-e-type=\"widget\" data-widget_type=\"elementskit-icon-box.default\">\n\t\t\t\t\t<div class=\"ekit-wid-con\" >        <!-- link opening -->\n                <a href=\"#\" class=\"ekit_global_links\">\n                <!-- end link opening -->\n\n        <div class=\"elementskit-infobox text- text-left icon-lef-right-aligin elementor-animation- media\">\n                    <div class=\"elementskit-box-header elementor-animation-\">\n                <div class=\"elementskit-info-box-icon  text-center\">\n                    <i aria-hidden=\"true\" class=\"elementkit-infobox-icon icon icon-link\"><\/i>\n                <\/div>\n          <\/div>\n                        <div class=\"box-body\">\n                            <h3 class=\"elementskit-info-box-title\">\n                    Apoyo en Contracting                <\/h3>\n                        \t\t  \t<p>Nuestro equipo de contracting est\u00e1 aqu\u00ed para apoyarte en obtener tus contratos y designaciones con nuestros diversos carriers.<\/p>\n                                <\/div>\n        \n        \n                <\/div>\n                <\/a>\n        <\/div>\t\t\t\t<\/div>\n\t\t\t\t<div class=\"elementor-element elementor-element-df0f2c7 ekit-equal-height-disable elementor-widget elementor-widget-elementskit-icon-box\" data-id=\"df0f2c7\" data-element_type=\"widget\" data-e-type=\"widget\" data-widget_type=\"elementskit-icon-box.default\">\n\t\t\t\t\t<div class=\"ekit-wid-con\" >        <!-- link opening -->\n                <a href=\"#\" class=\"ekit_global_links\">\n                <!-- end link opening -->\n\n        <div class=\"elementskit-infobox text- text-left icon-lef-right-aligin elementor-animation- media\">\n                    <div class=\"elementskit-box-header elementor-animation-\">\n                <div class=\"elementskit-info-box-icon  text-center\">\n                    <i aria-hidden=\"true\" class=\"elementkit-infobox-icon icon icon-cottage\"><\/i>\n                <\/div>\n          <\/div>\n                        <div class=\"box-body\">\n                            <h3 class=\"elementskit-info-box-title\">\n                    E&amp;O con Descuento                <\/h3>\n                        \t\t  \t<p>Nuestro programa grupal de E&amp;O ofrece las tarifas m\u00e1s bajas que hemos visto para agentes no cautivos. Protege tu negocio con este programa de valor agregado de TMS.<\/p>\n                                <\/div>\n        \n        \n                <\/div>\n                <\/a>\n        <\/div>\t\t\t\t<\/div>\n\t\t\t\t<div class=\"elementor-element elementor-element-12fdc5d ekit-equal-height-disable elementor-widget elementor-widget-elementskit-icon-box\" data-id=\"12fdc5d\" data-element_type=\"widget\" data-e-type=\"widget\" data-widget_type=\"elementskit-icon-box.default\">\n\t\t\t\t\t<div class=\"ekit-wid-con\" >        <!-- link opening -->\n                <a href=\"#\" class=\"ekit_global_links\">\n                <!-- end link opening -->\n\n        <div class=\"elementskit-infobox text- text-left icon-lef-right-aligin elementor-animation- media\">\n                    <div class=\"elementskit-box-header elementor-animation-\">\n                <div class=\"elementskit-info-box-icon  text-center\">\n                    <i aria-hidden=\"true\" class=\"elementkit-infobox-icon icon icon-support\"><\/i>\n                <\/div>\n          <\/div>\n                        <div class=\"box-body\">\n                            <h3 class=\"elementskit-info-box-title\">\n                    Soporte T\u00e9cnico                <\/h3>\n                        \t\t  \t<p>Nos enorgullece el apoyo que brindamos a los agentes que no son expertos en computadoras. Te guiaremos a trav\u00e9s de los sistemas necesarios para completar la capacitaci\u00f3n y certificarte para vender.<\/p>\n                                <\/div>\n        \n        \n                <\/div>\n                <\/a>\n        <\/div>\t\t\t\t<\/div>\n\t\t\t\t<\/div>\n\t\t\t\t\t<\/div>\n\t\t\t\t<\/div>\n\t\t<div class=\"elementor-element elementor-element-8badece e-flex e-con-boxed e-con e-parent\" data-id=\"8badece\" data-element_type=\"container\" data-e-type=\"container\">\n\t\t\t\t\t<div class=\"e-con-inner\">\n\t\t\t\t<div class=\"elementor-element elementor-element-0e15ac0 elementor-widget elementor-widget-shortcode\" data-id=\"0e15ac0\" data-element_type=\"widget\" data-e-type=\"widget\" data-widget_type=\"shortcode.default\">\n\t\t\t\t\t\t\t<div class=\"elementor-shortcode\"><iframe\n  src=\"https:\/\/api.leadconnectorhq.com\/widget\/form\/POwCSvZl9uvqjTrBcc2D\"\n  style=\"width:100%;height:100%;border:none;border-radius:0px\"\n  id=\"inline-POwCSvZl9uvqjTrBcc2D\"\n  data-layout=\"{'id':'INLINE'}\"\n  data-trigger-type=\"alwaysShow\"\n  data-trigger-value=\"\"\n  data-activation-type=\"alwaysActivated\"\n  data-activation-value=\"\"\n  data-deactivation-type=\"neverDeactivate\"\n  data-deactivation-value=\"\"\n  data-form-name=\"TMX Brockarge Form\"\n  data-height=\"597\"\n  data-layout-iframe-id=\"inline-POwCSvZl9uvqjTrBcc2D\"\n  data-form-id=\"POwCSvZl9uvqjTrBcc2D\"\n  title=\"Formulario TMX Brockarge\"\n      >\n<\/iframe>\n<script src=\"https:\/\/link.msgsndr.com\/js\/form_embed.js\"><\/script><\/div>\n\t\t\t\t\t\t<\/div>\n\t\t\t\t\t<\/div>\n\t\t\t\t<\/div>\n\t\t\t\t<\/div>","protected":false},"excerpt":{"rendered":"<p>WHY TMS? Why Us? Marketing Support We have many co-op opportunities for agents to help generate leads. Most co-op opportunities are tied to production for obvious reasons. Marketing Approach For most producers, we will design individual flyers, postcards and websites for some. (Based on Production) Continuous Training We do frequent webinars to help you become [&hellip;]<\/p>\n","protected":false},"author":1,"featured_media":0,"parent":0,"menu_order":0,"comment_status":"closed","ping_status":"closed","template":"elementor_header_footer","meta":{"footnotes":""},"class_list":["post-70","page","type-page","status-publish","hentry"],"yoast_head":"<!-- This site is optimized with the Yoast SEO plugin v27.2 - https:\/\/yoast.com\/product\/yoast-seo-wordpress\/ -->\n<title>Agent Resources - TMS - Medicare FMO Texas<\/title>\n<meta name=\"description\" content=\"Access a wealth of resources tailored for insurance agents at TMS Brokerage. Enhance your skills with our second-to-none training and support services.\" \/>\n<meta name=\"robots\" content=\"index, follow, max-snippet:-1, max-image-preview:large, max-video-preview:-1\" \/>\n<link rel=\"canonical\" href=\"https:\/\/tmsbrokerage.com\/es\/recursos-para-agentes\/\" \/>\n<meta property=\"og:locale\" content=\"es_ES\" \/>\n<meta property=\"og:type\" content=\"article\" \/>\n<meta property=\"og:title\" content=\"Agent Resources - TMS - Medicare FMO Texas\" \/>\n<meta property=\"og:description\" content=\"Access a wealth of resources tailored for insurance agents at TMS Brokerage. Enhance your skills with our second-to-none training and support services.\" \/>\n<meta property=\"og:url\" content=\"https:\/\/tmsbrokerage.com\/es\/recursos-para-agentes\/\" \/>\n<meta property=\"og:site_name\" content=\"TMS - Medicare FMO Texas\" \/>\n<meta property=\"article:modified_time\" content=\"2025-08-04T10:51:36+00:00\" \/>\n<meta name=\"twitter:card\" content=\"summary_large_image\" \/>\n<meta name=\"twitter:label1\" content=\"Tiempo de lectura\" \/>\n\t<meta name=\"twitter:data1\" content=\"1 minuto\" \/>\n<script type=\"application\/ld+json\" class=\"yoast-schema-graph\">{\"@context\":\"https:\/\/schema.org\",\"@graph\":[{\"@type\":\"WebPage\",\"@id\":\"https:\/\/tmsbrokerage.com\/agent-resources\/\",\"url\":\"https:\/\/tmsbrokerage.com\/agent-resources\/\",\"name\":\"Agent Resources - TMS - Medicare FMO Texas\",\"isPartOf\":{\"@id\":\"https:\/\/tmsbrokerage.com\/#website\"},\"datePublished\":\"2025-07-29T09:03:58+00:00\",\"dateModified\":\"2025-08-04T10:51:36+00:00\",\"description\":\"Access a wealth of resources tailored for insurance agents at TMS Brokerage. Enhance your skills with our second-to-none training and support services.\",\"breadcrumb\":{\"@id\":\"https:\/\/tmsbrokerage.com\/agent-resources\/#breadcrumb\"},\"inLanguage\":\"es\",\"potentialAction\":[{\"@type\":\"ReadAction\",\"target\":[\"https:\/\/tmsbrokerage.com\/agent-resources\/\"]}]},{\"@type\":\"BreadcrumbList\",\"@id\":\"https:\/\/tmsbrokerage.com\/agent-resources\/#breadcrumb\",\"itemListElement\":[{\"@type\":\"ListItem\",\"position\":1,\"name\":\"Home\",\"item\":\"https:\/\/tmsbrokerage.com\/\"},{\"@type\":\"ListItem\",\"position\":2,\"name\":\"Agent Resources\"}]},{\"@type\":\"WebSite\",\"@id\":\"https:\/\/tmsbrokerage.com\/#website\",\"url\":\"https:\/\/tmsbrokerage.com\/\",\"name\":\"TMS - Medicare FMO Texas\",\"description\":\"Medicare FMO San Antonio Texas\",\"potentialAction\":[{\"@type\":\"SearchAction\",\"target\":{\"@type\":\"EntryPoint\",\"urlTemplate\":\"https:\/\/tmsbrokerage.com\/?s={search_term_string}\"},\"query-input\":{\"@type\":\"PropertyValueSpecification\",\"valueRequired\":true,\"valueName\":\"search_term_string\"}}],\"inLanguage\":\"es\"}]}<\/script>\n<!-- \/ Yoast SEO plugin. -->","yoast_head_json":{"title":"Recursos para agentes - TMS - Medicare FMO Texas","description":"Acceda a una gran cantidad de recursos adaptados a los agentes de seguros en TMS Brokerage. Mejore sus habilidades con nuestros inigualables servicios de formaci\u00f3n y asistencia.","robots":{"index":"index","follow":"follow","max-snippet":"max-snippet:-1","max-image-preview":"max-image-preview:large","max-video-preview":"max-video-preview:-1"},"canonical":"https:\/\/tmsbrokerage.com\/es\/recursos-para-agentes\/","og_locale":"es_ES","og_type":"article","og_title":"Agent Resources - TMS - Medicare FMO Texas","og_description":"Access a wealth of resources tailored for insurance agents at TMS Brokerage. Enhance your skills with our second-to-none training and support services.","og_url":"https:\/\/tmsbrokerage.com\/es\/recursos-para-agentes\/","og_site_name":"TMS - Medicare FMO Texas","article_modified_time":"2025-08-04T10:51:36+00:00","twitter_card":"summary_large_image","twitter_misc":{"Tiempo de lectura":"1 minuto"},"schema":{"@context":"https:\/\/schema.org","@graph":[{"@type":"WebPage","@id":"https:\/\/tmsbrokerage.com\/agent-resources\/","url":"https:\/\/tmsbrokerage.com\/agent-resources\/","name":"Recursos para agentes - TMS - Medicare FMO Texas","isPartOf":{"@id":"https:\/\/tmsbrokerage.com\/#website"},"datePublished":"2025-07-29T09:03:58+00:00","dateModified":"2025-08-04T10:51:36+00:00","description":"Acceda a una gran cantidad de recursos adaptados a los agentes de seguros en TMS Brokerage. Mejore sus habilidades con nuestros inigualables servicios de formaci\u00f3n y asistencia.","breadcrumb":{"@id":"https:\/\/tmsbrokerage.com\/agent-resources\/#breadcrumb"},"inLanguage":"es","potentialAction":[{"@type":"ReadAction","target":["https:\/\/tmsbrokerage.com\/agent-resources\/"]}]},{"@type":"BreadcrumbList","@id":"https:\/\/tmsbrokerage.com\/agent-resources\/#breadcrumb","itemListElement":[{"@type":"ListItem","position":1,"name":"Home","item":"https:\/\/tmsbrokerage.com\/"},{"@type":"ListItem","position":2,"name":"Agent Resources"}]},{"@type":"WebSite","@id":"https:\/\/tmsbrokerage.com\/#website","url":"https:\/\/tmsbrokerage.com\/","name":"TMS - Medicare FMO Texas","description":"Medicare FMO San Antonio Texas","potentialAction":[{"@type":"SearchAction","target":{"@type":"EntryPoint","urlTemplate":"https:\/\/tmsbrokerage.com\/?s={search_term_string}"},"query-input":{"@type":"PropertyValueSpecification","valueRequired":true,"valueName":"search_term_string"}}],"inLanguage":"es"}]}},"_links":{"self":[{"href":"https:\/\/tmsbrokerage.com\/es\/wp-json\/wp\/v2\/pages\/70","targetHints":{"allow":["GET"]}}],"collection":[{"href":"https:\/\/tmsbrokerage.com\/es\/wp-json\/wp\/v2\/pages"}],"about":[{"href":"https:\/\/tmsbrokerage.com\/es\/wp-json\/wp\/v2\/types\/page"}],"author":[{"embeddable":true,"href":"https:\/\/tmsbrokerage.com\/es\/wp-json\/wp\/v2\/users\/1"}],"replies":[{"embeddable":true,"href":"https:\/\/tmsbrokerage.com\/es\/wp-json\/wp\/v2\/comments?post=70"}],"version-history":[{"count":22,"href":"https:\/\/tmsbrokerage.com\/es\/wp-json\/wp\/v2\/pages\/70\/revisions"}],"predecessor-version":[{"id":94,"href":"https:\/\/tmsbrokerage.com\/es\/wp-json\/wp\/v2\/pages\/70\/revisions\/94"}],"wp:attachment":[{"href":"https:\/\/tmsbrokerage.com\/es\/wp-json\/wp\/v2\/media?parent=70"}],"curies":[{"name":"wp","href":"https:\/\/api.w.org\/{rel}","templated":true}]}}