{"id":115,"date":"2025-07-29T10:15:23","date_gmt":"2025-07-29T10:15:23","guid":{"rendered":"https:\/\/dev-tms-solution.pantheonsite.io\/?page_id=115"},"modified":"2025-08-13T11:06:34","modified_gmt":"2025-08-13T11:06:34","slug":"preguntas-frecuentes","status":"publish","type":"page","link":"https:\/\/tmsbrokerage.com\/es\/faqs\/","title":{"rendered":"FAQS"},"content":{"rendered":"<div data-elementor-type=\"wp-page\" data-elementor-id=\"115\" class=\"elementor elementor-115\" data-elementor-post-type=\"page\">\n\t\t\t\t<div class=\"elementor-element elementor-element-0216397 e-flex e-con-boxed e-con e-parent\" data-id=\"0216397\" data-element_type=\"container\" data-e-type=\"container\" data-settings=\"{&quot;background_background&quot;:&quot;classic&quot;}\">\n\t\t\t\t\t<div class=\"e-con-inner\">\n\t\t\t\t<div class=\"elementor-element elementor-element-2666d93 elementor-widget elementor-widget-heading\" data-id=\"2666d93\" data-element_type=\"widget\" data-e-type=\"widget\" data-widget_type=\"heading.default\">\n\t\t\t\t\t<h2 class=\"elementor-heading-title elementor-size-default\">FAQS<\/h2>\t\t\t\t<\/div>\n\t\t\t\t\t<\/div>\n\t\t\t\t<\/div>\n\t\t<div class=\"elementor-element elementor-element-924e5e0 e-flex e-con-boxed e-con e-parent\" data-id=\"924e5e0\" data-element_type=\"container\" data-e-type=\"container\">\n\t\t\t\t\t<div class=\"e-con-inner\">\n\t\t\t\t<div class=\"elementor-element elementor-element-0d9e14b elementor-widget elementor-widget-heading\" data-id=\"0d9e14b\" data-element_type=\"widget\" data-e-type=\"widget\" data-widget_type=\"heading.default\">\n\t\t\t\t\t<h2 class=\"elementor-heading-title elementor-size-default\">Preguntas Frecuentes<\/h2>\t\t\t\t<\/div>\n\t\t\t\t<div class=\"elementor-element elementor-element-39ad6c9 elementor-widget-divider--view-line elementor-widget elementor-widget-divider\" data-id=\"39ad6c9\" data-element_type=\"widget\" data-e-type=\"widget\" data-widget_type=\"divider.default\">\n\t\t\t\t\t\t\t<div class=\"elementor-divider\">\n\t\t\t<span class=\"elementor-divider-separator\">\n\t\t\t\t\t\t<\/span>\n\t\t<\/div>\n\t\t\t\t\t\t<\/div>\n\t\t\t\t<div class=\"elementor-element elementor-element-cde9f9b elementor-widget elementor-widget-n-accordion\" data-id=\"cde9f9b\" data-element_type=\"widget\" data-e-type=\"widget\" data-settings=\"{&quot;default_state&quot;:&quot;expanded&quot;,&quot;max_items_expended&quot;:&quot;one&quot;,&quot;n_accordion_animation_duration&quot;:{&quot;unit&quot;:&quot;ms&quot;,&quot;size&quot;:400,&quot;sizes&quot;:[]}}\" data-widget_type=\"nested-accordion.default\">\n\t\t\t\t\t\t\t<div class=\"e-n-accordion\" aria-label=\"Acorde\u00f3n. Abra los enlaces con Intro o Espacio, ci\u00e9rrelos con Escape y navegue con las teclas de flecha.\">\n\t\t\t\t\t\t<details id=\"e-n-accordion-item-2150\" class=\"e-n-accordion-item\" open>\n\t\t\t\t<summary class=\"e-n-accordion-item-title\" data-accordion-index=\"1\" tabindex=\"0\" aria-expanded=\"true\" aria-controls=\"e-n-accordion-item-2150\" >\n\t\t\t\t\t<span class='e-n-accordion-item-title-header'><div class=\"e-n-accordion-item-title-text\"> \u00bfQu\u00e9 hace diferente a TMS Insurance Brokerage de otras General Agencies y FMOs? <\/div><\/span>\n\t\t\t\t\t\t\t<span class='e-n-accordion-item-title-icon'>\n\t\t\t<span class='e-opened' ><i aria-hidden=\"true\" class=\"icon icon-down-arrow\"><\/i><\/span>\n\t\t\t<span class='e-closed'><i aria-hidden=\"true\" class=\"icon icon-arrow-point-to-down\"><\/i><\/span>\n\t\t<\/span>\n\n\t\t\t\t\t\t<\/summary>\n\t\t\t\t<div role=\"region\" aria-labelledby=\"e-n-accordion-item-2150\" class=\"elementor-element elementor-element-15f738e e-con-full e-flex e-con e-child\" data-id=\"15f738e\" data-element_type=\"container\" data-e-type=\"container\">\n\t\t\t\t<div class=\"elementor-element elementor-element-7bb3cdf elementor-widget elementor-widget-text-editor\" data-id=\"7bb3cdf\" data-element_type=\"widget\" data-e-type=\"widget\" data-widget_type=\"text-editor.default\">\n\t\t\t\t\t\t\t\t\t<p>TMS Insurance Brokerage es una agencia iniciada por un agente de seguros. Nuestra meta siempre ha sido ayudar a los agentes a tener \u00e9xito de forma independiente mientras se sienten parte de un equipo. Proporcionamos capacitaci\u00f3n y asistencia para ayudarte a tener \u00e9xito sin demasiada supervisi\u00f3n ni metas r\u00edgidas.<\/p>\t\t\t\t\t\t\t\t<\/div>\n\t\t\t\t<\/div>\n\t\t\t\t\t<\/details>\n\t\t\t\t\t\t<details id=\"e-n-accordion-item-2151\" class=\"e-n-accordion-item\" >\n\t\t\t\t<summary class=\"e-n-accordion-item-title\" data-accordion-index=\"2\" tabindex=\"-1\" aria-expanded=\"false\" aria-controls=\"e-n-accordion-item-2151\" >\n\t\t\t\t\t<span class='e-n-accordion-item-title-header'><div class=\"e-n-accordion-item-title-text\"> \u00bfCu\u00e1les son mis costos para estar afiliado con TMS Insurance Brokerage? <\/div><\/span>\n\t\t\t\t\t\t\t<span class='e-n-accordion-item-title-icon'>\n\t\t\t<span class='e-opened' ><i aria-hidden=\"true\" class=\"icon icon-down-arrow\"><\/i><\/span>\n\t\t\t<span class='e-closed'><i aria-hidden=\"true\" class=\"icon icon-arrow-point-to-down\"><\/i><\/span>\n\t\t<\/span>\n\n\t\t\t\t\t\t<\/summary>\n\t\t\t\t<div role=\"region\" aria-labelledby=\"e-n-accordion-item-2151\" class=\"elementor-element elementor-element-aedba0e e-con-full e-flex e-con e-child\" data-id=\"aedba0e\" data-element_type=\"container\" data-e-type=\"container\">\n\t\t\t\t<div class=\"elementor-element elementor-element-9c65f25 elementor-widget elementor-widget-text-editor\" data-id=\"9c65f25\" data-element_type=\"widget\" data-e-type=\"widget\" data-widget_type=\"text-editor.default\">\n\t\t\t\t\t\t\t\t\t<p>Somos pagados directamente por la compa\u00f1\u00eda de seguros, por lo que nunca hay un costo para hacer negocios con nosotros. T\u00fa eres responsable de algunos gastos propios para operar tu negocio, como el seguro de E&amp;O y, ocasionalmente, tarifas de designaci\u00f3n estatal con ciertos carriers.<\/p>\t\t\t\t\t\t\t\t<\/div>\n\t\t\t\t<\/div>\n\t\t\t\t\t<\/details>\n\t\t\t\t\t\t<details id=\"e-n-accordion-item-2152\" class=\"e-n-accordion-item\" >\n\t\t\t\t<summary class=\"e-n-accordion-item-title\" data-accordion-index=\"3\" tabindex=\"-1\" aria-expanded=\"false\" aria-controls=\"e-n-accordion-item-2152\" >\n\t\t\t\t\t<span class='e-n-accordion-item-title-header'><div class=\"e-n-accordion-item-title-text\"> \u00bfCon cu\u00e1ntos carriers trabajan? <\/div><\/span>\n\t\t\t\t\t\t\t<span class='e-n-accordion-item-title-icon'>\n\t\t\t<span class='e-opened' ><i aria-hidden=\"true\" class=\"icon icon-down-arrow\"><\/i><\/span>\n\t\t\t<span class='e-closed'><i aria-hidden=\"true\" class=\"icon icon-arrow-point-to-down\"><\/i><\/span>\n\t\t<\/span>\n\n\t\t\t\t\t\t<\/summary>\n\t\t\t\t<div role=\"region\" aria-labelledby=\"e-n-accordion-item-2152\" class=\"elementor-element elementor-element-15d6515 e-con-full e-flex e-con e-child\" data-id=\"15d6515\" data-element_type=\"container\" data-e-type=\"container\">\n\t\t\t\t<div class=\"elementor-element elementor-element-74b8550 elementor-widget elementor-widget-text-editor\" data-id=\"74b8550\" data-element_type=\"widget\" data-e-type=\"widget\" data-widget_type=\"text-editor.default\">\n\t\t\t\t\t\t\t\t\t<p>Actualmente trabajamos con Humana, UnitedHealthcare, Amerigroup, Aetna, Cigna y BlueCross BlueShield. No todos los agentes ser\u00e1n designados con todas las compa\u00f1\u00edas, pero tenemos los contratos necesarios para ayudar a nuestros agentes a trabajar con los planes que sirven su \u00e1rea de servicio.<\/p>\t\t\t\t\t\t\t\t<\/div>\n\t\t\t\t<\/div>\n\t\t\t\t\t<\/details>\n\t\t\t\t\t\t<details id=\"e-n-accordion-item-2153\" class=\"e-n-accordion-item\" >\n\t\t\t\t<summary class=\"e-n-accordion-item-title\" data-accordion-index=\"4\" tabindex=\"-1\" aria-expanded=\"false\" aria-controls=\"e-n-accordion-item-2153\" >\n\t\t\t\t\t<span class='e-n-accordion-item-title-header'><div class=\"e-n-accordion-item-title-text\"> \u00bfQu\u00e9 pasa si encuentro un transportista con el que quiero trabajar, pero ustedes no ofrecen ese contrato? <\/div><\/span>\n\t\t\t\t\t\t\t<span class='e-n-accordion-item-title-icon'>\n\t\t\t<span class='e-opened' ><i aria-hidden=\"true\" class=\"icon icon-down-arrow\"><\/i><\/span>\n\t\t\t<span class='e-closed'><i aria-hidden=\"true\" class=\"icon icon-arrow-point-to-down\"><\/i><\/span>\n\t\t<\/span>\n\n\t\t\t\t\t\t<\/summary>\n\t\t\t\t<div role=\"region\" aria-labelledby=\"e-n-accordion-item-2153\" class=\"elementor-element elementor-element-5cac635 e-flex e-con-boxed e-con e-child\" data-id=\"5cac635\" data-element_type=\"container\" data-e-type=\"container\">\n\t\t\t\t\t<div class=\"e-con-inner\">\n\t\t\t\t<div class=\"elementor-element elementor-element-beebb9f elementor-widget elementor-widget-text-editor\" data-id=\"beebb9f\" data-element_type=\"widget\" data-e-type=\"widget\" data-widget_type=\"text-editor.default\">\n\t\t\t\t\t\t\t\t\t<p>Ll\u00e1menos primero. Siempre estamos trabajando para aumentar la cantidad de planes con los que trabajamos, pero si encuentra uno con el que no trabajamos, es libre de trabajar con otro FMO.<\/p>\t\t\t\t\t\t\t\t<\/div>\n\t\t\t\t\t<\/div>\n\t\t\t\t<\/div>\n\t\t\t\t\t<\/details>\n\t\t\t\t\t\t<details id=\"e-n-accordion-item-2154\" class=\"e-n-accordion-item\" >\n\t\t\t\t<summary class=\"e-n-accordion-item-title\" data-accordion-index=\"5\" tabindex=\"-1\" aria-expanded=\"false\" aria-controls=\"e-n-accordion-item-2154\" >\n\t\t\t\t\t<span class='e-n-accordion-item-title-header'><div class=\"e-n-accordion-item-title-text\"> Escuch\u00f3 que el negocio de seguros Medicare es muy lucrativo. \u00bfPor qu\u00e9 es eso? <\/div><\/span>\n\t\t\t\t\t\t\t<span class='e-n-accordion-item-title-icon'>\n\t\t\t<span class='e-opened' ><i aria-hidden=\"true\" class=\"icon icon-down-arrow\"><\/i><\/span>\n\t\t\t<span class='e-closed'><i aria-hidden=\"true\" class=\"icon icon-arrow-point-to-down\"><\/i><\/span>\n\t\t<\/span>\n\n\t\t\t\t\t\t<\/summary>\n\t\t\t\t<div role=\"region\" aria-labelledby=\"e-n-accordion-item-2154\" class=\"elementor-element elementor-element-4a2792d e-flex e-con-boxed e-con e-child\" data-id=\"4a2792d\" data-element_type=\"container\" data-e-type=\"container\">\n\t\t\t\t\t<div class=\"e-con-inner\">\n\t\t\t\t<div class=\"elementor-element elementor-element-50c42fc elementor-widget elementor-widget-text-editor\" data-id=\"50c42fc\" data-element_type=\"widget\" data-e-type=\"widget\" data-widget_type=\"text-editor.default\">\n\t\t\t\t\t\t\t\t\t<p>Se estima que 10,000 Baby Boomers cumplen 65 a\u00f1os cada d\u00eda. Nuestra meta es tener suficientes agentes para ayudarlos a elegir el plan adecuado.<\/p>\t\t\t\t\t\t\t\t<\/div>\n\t\t\t\t\t<\/div>\n\t\t\t\t<\/div>\n\t\t\t\t\t<\/details>\n\t\t\t\t\t\t<details id=\"e-n-accordion-item-2155\" class=\"e-n-accordion-item\" >\n\t\t\t\t<summary class=\"e-n-accordion-item-title\" data-accordion-index=\"6\" tabindex=\"-1\" aria-expanded=\"false\" aria-controls=\"e-n-accordion-item-2155\" >\n\t\t\t\t\t<span class='e-n-accordion-item-title-header'><div class=\"e-n-accordion-item-title-text\"> He escuchado que solo se pueden vender planes de Medicare por unos pocos meses al a\u00f1o. \u00bfQu\u00e9 pasa el resto del a\u00f1o? <\/div><\/span>\n\t\t\t\t\t\t\t<span class='e-n-accordion-item-title-icon'>\n\t\t\t<span class='e-opened' ><i aria-hidden=\"true\" class=\"icon icon-down-arrow\"><\/i><\/span>\n\t\t\t<span class='e-closed'><i aria-hidden=\"true\" class=\"icon icon-arrow-point-to-down\"><\/i><\/span>\n\t\t<\/span>\n\n\t\t\t\t\t\t<\/summary>\n\t\t\t\t<div role=\"region\" aria-labelledby=\"e-n-accordion-item-2155\" class=\"elementor-element elementor-element-9f70e45 e-flex e-con-boxed e-con e-child\" data-id=\"9f70e45\" data-element_type=\"container\" data-e-type=\"container\">\n\t\t\t\t\t<div class=\"e-con-inner\">\n\t\t\t\t<div class=\"elementor-element elementor-element-e6e6a98 elementor-widget elementor-widget-text-editor\" data-id=\"e6e6a98\" data-element_type=\"widget\" data-e-type=\"widget\" data-widget_type=\"text-editor.default\">\n\t\t\t\t\t\t\t\t\t<p><strong>Medicare Supplements:<\/strong>\n No existe un Annual Enrollment Period. Las personas con Medicare pueden cambiar su suplemento en cualquier momento siempre que pasen underwriting.<\/p><p><strong>\nMedicare Advantage y Part D:<\/strong>\n Es cierto que existe un Annual Enrollment Period (del 15 de octubre al 7 de diciembre). Sin embargo, hay muchas circunstancias especiales que permiten a los beneficiarios de Medicare cambiar su plan en cualquier momento del a\u00f1o (por ejemplo: Low Income Subsidy, elegibles para Medicaid, p\u00e9rdida de cobertura laboral y otros).\n Si los agentes se promocionan correctamente, pueden ayudar a beneficiarios de Medicare durante todo el a\u00f1o.<\/p>\t\t\t\t\t\t\t\t<\/div>\n\t\t\t\t\t<\/div>\n\t\t\t\t<\/div>\n\t\t\t\t\t<\/details>\n\t\t\t\t\t\t<details id=\"e-n-accordion-item-2156\" class=\"e-n-accordion-item\" >\n\t\t\t\t<summary class=\"e-n-accordion-item-title\" data-accordion-index=\"7\" tabindex=\"-1\" aria-expanded=\"false\" aria-controls=\"e-n-accordion-item-2156\" >\n\t\t\t\t\t<span class='e-n-accordion-item-title-header'><div class=\"e-n-accordion-item-title-text\"> Soy un agente independiente y quiero seguir si\u00e9ndolo. \u00bfEs posible? <\/div><\/span>\n\t\t\t\t\t\t\t<span class='e-n-accordion-item-title-icon'>\n\t\t\t<span class='e-opened' ><i aria-hidden=\"true\" class=\"icon icon-down-arrow\"><\/i><\/span>\n\t\t\t<span class='e-closed'><i aria-hidden=\"true\" class=\"icon icon-arrow-point-to-down\"><\/i><\/span>\n\t\t<\/span>\n\n\t\t\t\t\t\t<\/summary>\n\t\t\t\t<div role=\"region\" aria-labelledby=\"e-n-accordion-item-2156\" class=\"elementor-element elementor-element-4ce6ddf e-flex e-con-boxed e-con e-child\" data-id=\"4ce6ddf\" data-element_type=\"container\" data-e-type=\"container\">\n\t\t\t\t\t<div class=\"e-con-inner\">\n\t\t\t\t<div class=\"elementor-element elementor-element-b6084d2 elementor-widget elementor-widget-text-editor\" data-id=\"b6084d2\" data-element_type=\"widget\" data-e-type=\"widget\" data-widget_type=\"text-editor.default\">\n\t\t\t\t\t\t\t\t\t<p>Por supuesto \u2014 todos nuestros agentes son independientes. Nuestro objetivo es apoyar esa independencia y ayudarte a ser m\u00e1s exitoso.<\/p>\t\t\t\t\t\t\t\t<\/div>\n\t\t\t\t\t<\/div>\n\t\t\t\t<\/div>\n\t\t\t\t\t<\/details>\n\t\t\t\t\t\t<details id=\"e-n-accordion-item-2157\" class=\"e-n-accordion-item\" >\n\t\t\t\t<summary class=\"e-n-accordion-item-title\" data-accordion-index=\"8\" tabindex=\"-1\" aria-expanded=\"false\" aria-controls=\"e-n-accordion-item-2157\" >\n\t\t\t\t\t<span class='e-n-accordion-item-title-header'><div class=\"e-n-accordion-item-title-text\"> Tengo una agencia existente y quiero agregar productos de Medicare a mi portafolio. <\/div><\/span>\n\t\t\t\t\t\t\t<span class='e-n-accordion-item-title-icon'>\n\t\t\t<span class='e-opened' ><i aria-hidden=\"true\" class=\"icon icon-down-arrow\"><\/i><\/span>\n\t\t\t<span class='e-closed'><i aria-hidden=\"true\" class=\"icon icon-arrow-point-to-down\"><\/i><\/span>\n\t\t<\/span>\n\n\t\t\t\t\t\t<\/summary>\n\t\t\t\t<div role=\"region\" aria-labelledby=\"e-n-accordion-item-2157\" class=\"elementor-element elementor-element-3072fbd e-flex e-con-boxed e-con e-child\" data-id=\"3072fbd\" data-element_type=\"container\" data-e-type=\"container\">\n\t\t\t\t\t<div class=\"e-con-inner\">\n\t\t\t\t<div class=\"elementor-element elementor-element-774004a elementor-widget elementor-widget-text-editor\" data-id=\"774004a\" data-element_type=\"widget\" data-e-type=\"widget\" data-widget_type=\"text-editor.default\">\n\t\t\t\t\t\t\t\t\t<p>Nos encantar\u00eda ayudarte a agregar esta l\u00ednea de negocio. Podemos capacitarte a ti y a cualquiera de tus agentes en c\u00f3mo vender estos planes de manera conforme.<\/p>\t\t\t\t\t\t\t\t<\/div>\n\t\t\t\t\t<\/div>\n\t\t\t\t<\/div>\n\t\t\t\t\t<\/details>\n\t\t\t\t\t\t<details id=\"e-n-accordion-item-2158\" class=\"e-n-accordion-item\" >\n\t\t\t\t<summary class=\"e-n-accordion-item-title\" data-accordion-index=\"9\" tabindex=\"-1\" aria-expanded=\"false\" aria-controls=\"e-n-accordion-item-2158\" >\n\t\t\t\t\t<span class='e-n-accordion-item-title-header'><div class=\"e-n-accordion-item-title-text\"> \u00bfC\u00f3mo se pagan las comisiones? <\/div><\/span>\n\t\t\t\t\t\t\t<span class='e-n-accordion-item-title-icon'>\n\t\t\t<span class='e-opened' ><i aria-hidden=\"true\" class=\"icon icon-down-arrow\"><\/i><\/span>\n\t\t\t<span class='e-closed'><i aria-hidden=\"true\" class=\"icon icon-arrow-point-to-down\"><\/i><\/span>\n\t\t<\/span>\n\n\t\t\t\t\t\t<\/summary>\n\t\t\t\t<div role=\"region\" aria-labelledby=\"e-n-accordion-item-2158\" class=\"elementor-element elementor-element-0a325be e-flex e-con-boxed e-con e-child\" data-id=\"0a325be\" data-element_type=\"container\" data-e-type=\"container\">\n\t\t\t\t\t<div class=\"e-con-inner\">\n\t\t\t\t<div class=\"elementor-element elementor-element-3a5e6db elementor-widget elementor-widget-text-editor\" data-id=\"3a5e6db\" data-element_type=\"widget\" data-e-type=\"widget\" data-widget_type=\"text-editor.default\">\n\t\t\t\t\t\t\t\t\t<p>En la mayor\u00eda de los casos, eres pagado directamente por el carrier. TMS Insurance Brokerage nunca interceptar\u00e1 tus comisiones antes de que te sean pagadas.<\/p>\t\t\t\t\t\t\t\t<\/div>\n\t\t\t\t\t<\/div>\n\t\t\t\t<\/div>\n\t\t\t\t\t<\/details>\n\t\t\t\t\t\t<details id=\"e-n-accordion-item-2159\" class=\"e-n-accordion-item\" >\n\t\t\t\t<summary class=\"e-n-accordion-item-title\" data-accordion-index=\"10\" tabindex=\"-1\" aria-expanded=\"false\" aria-controls=\"e-n-accordion-item-2159\" >\n\t\t\t\t\t<span class='e-n-accordion-item-title-header'><div class=\"e-n-accordion-item-title-text\"> \u00bfProporcionan leads? <\/div><\/span>\n\t\t\t\t\t\t\t<span class='e-n-accordion-item-title-icon'>\n\t\t\t<span class='e-opened' ><i aria-hidden=\"true\" class=\"icon icon-down-arrow\"><\/i><\/span>\n\t\t\t<span class='e-closed'><i aria-hidden=\"true\" class=\"icon icon-arrow-point-to-down\"><\/i><\/span>\n\t\t<\/span>\n\n\t\t\t\t\t\t<\/summary>\n\t\t\t\t<div role=\"region\" aria-labelledby=\"e-n-accordion-item-2159\" class=\"elementor-element elementor-element-9b92e4b e-flex e-con-boxed e-con e-child\" data-id=\"9b92e4b\" data-element_type=\"container\" data-e-type=\"container\">\n\t\t\t\t\t<div class=\"e-con-inner\">\n\t\t\t\t<div class=\"elementor-element elementor-element-4c4a8d7 elementor-widget elementor-widget-text-editor\" data-id=\"4c4a8d7\" data-element_type=\"widget\" data-e-type=\"widget\" data-widget_type=\"text-editor.default\">\n\t\t\t\t\t\t\t\t\t<p>Proporcionamos capacitaci\u00f3n y apoyo de marketing.\n Si deseas participar en un programa de leads, podemos ayudar a cubrir una parte de ese costo para agentes con desempe\u00f1o constante \u2014 pero la manera en que hacemos exitosos a los agentes es mediante capacitaci\u00f3n.\n Te mostramos c\u00f3mo hacer marketing, c\u00f3mo trabajar eventos comunitarios y c\u00f3mo convertirte en un agente exitoso de Medicare Insurance.<\/p><p>Durante los periodos de Medicare Open Enrollment habr\u00e1 algo de apoyo en leads. La cantidad de leads var\u00eda cada a\u00f1o.<\/p>\t\t\t\t\t\t\t\t<\/div>\n\t\t\t\t\t<\/div>\n\t\t\t\t<\/div>\n\t\t\t\t\t<\/details>\n\t\t\t\t\t<\/div>\n\t\t\t\t\t\t<\/div>\n\t\t\t\t\t<\/div>\n\t\t\t\t<\/div>\n\t\t<div class=\"elementor-element elementor-element-406badb e-flex e-con-boxed e-con e-parent\" data-id=\"406badb\" data-element_type=\"container\" data-e-type=\"container\">\n\t\t\t\t\t<div class=\"e-con-inner\">\n\t\t\t\t<div class=\"elementor-element elementor-element-cb2d4df elementor-widget elementor-widget-shortcode\" data-id=\"cb2d4df\" data-element_type=\"widget\" data-e-type=\"widget\" data-widget_type=\"shortcode.default\">\n\t\t\t\t\t\t\t<div class=\"elementor-shortcode\"><iframe\n  src=\"https:\/\/api.leadconnectorhq.com\/widget\/form\/POwCSvZl9uvqjTrBcc2D\"\n  style=\"width:100%;height:100%;border:none;border-radius:0px\"\n  id=\"inline-POwCSvZl9uvqjTrBcc2D\"\n  data-layout=\"{'id':'INLINE'}\"\n  data-trigger-type=\"alwaysShow\"\n  data-trigger-value=\"\"\n  data-activation-type=\"alwaysActivated\"\n  data-activation-value=\"\"\n  data-deactivation-type=\"neverDeactivate\"\n  data-deactivation-value=\"\"\n  data-form-name=\"TMX Brockarge Form\"\n  data-height=\"597\"\n  data-layout-iframe-id=\"inline-POwCSvZl9uvqjTrBcc2D\"\n  data-form-id=\"POwCSvZl9uvqjTrBcc2D\"\n  title=\"Formulario TMX Brockarge\"\n      >\n<\/iframe>\n<script src=\"https:\/\/link.msgsndr.com\/js\/form_embed.js\"><\/script><\/div>\n\t\t\t\t\t\t<\/div>\n\t\t\t\t\t<\/div>\n\t\t\t\t<\/div>\n\t\t\t\t<\/div>","protected":false},"excerpt":{"rendered":"<p>FAQS Frequently Asked Questions What makes TMS Insurance Brokerage different from other General Agencies and FMO\u2019s? TMS Insurance Brokerage is an agency started by an insurance agent. Our goal has always been to help agents become independently successful while feeling like part of a team. We provide training and assistance to help you become successful [&hellip;]<\/p>\n","protected":false},"author":1,"featured_media":0,"parent":0,"menu_order":0,"comment_status":"closed","ping_status":"closed","template":"elementor_header_footer","meta":{"footnotes":""},"class_list":["post-115","page","type-page","status-publish","hentry"],"yoast_head":"<!-- This site is optimized with the Yoast SEO plugin v27.2 - https:\/\/yoast.com\/product\/yoast-seo-wordpress\/ -->\n<title>FAQS - TMS - Medicare FMO Texas<\/title>\n<meta name=\"description\" content=\"Find answers to your pressing insurance questions with TMS Brokerage&#039;s detailed FAQ page. We&#039;re here to help clarify your Medicare and insurance queries.\" \/>\n<meta name=\"robots\" content=\"index, follow, max-snippet:-1, max-image-preview:large, max-video-preview:-1\" \/>\n<link rel=\"canonical\" href=\"https:\/\/tmsbrokerage.com\/es\/preguntas-frecuentes\/\" \/>\n<meta property=\"og:locale\" content=\"es_ES\" \/>\n<meta property=\"og:type\" content=\"article\" \/>\n<meta property=\"og:title\" content=\"FAQS - TMS - Medicare FMO Texas\" \/>\n<meta property=\"og:description\" content=\"Find answers to your pressing insurance questions with TMS Brokerage&#039;s detailed FAQ page. We&#039;re here to help clarify your Medicare and insurance queries.\" \/>\n<meta property=\"og:url\" content=\"https:\/\/tmsbrokerage.com\/es\/preguntas-frecuentes\/\" \/>\n<meta property=\"og:site_name\" content=\"TMS - Medicare FMO Texas\" \/>\n<meta property=\"article:modified_time\" content=\"2025-08-13T11:06:34+00:00\" \/>\n<meta name=\"twitter:card\" content=\"summary_large_image\" \/>\n<meta name=\"twitter:label1\" content=\"Tiempo de lectura\" \/>\n\t<meta name=\"twitter:data1\" content=\"5 minutos\" \/>\n<script type=\"application\/ld+json\" class=\"yoast-schema-graph\">{\"@context\":\"https:\/\/schema.org\",\"@graph\":[{\"@type\":\"WebPage\",\"@id\":\"https:\/\/tmsbrokerage.com\/faqs\/\",\"url\":\"https:\/\/tmsbrokerage.com\/faqs\/\",\"name\":\"FAQS - TMS - Medicare FMO Texas\",\"isPartOf\":{\"@id\":\"https:\/\/tmsbrokerage.com\/#website\"},\"datePublished\":\"2025-07-29T10:15:23+00:00\",\"dateModified\":\"2025-08-13T11:06:34+00:00\",\"description\":\"Find answers to your pressing insurance questions with TMS Brokerage's detailed FAQ page. We're here to help clarify your Medicare and insurance queries.\",\"breadcrumb\":{\"@id\":\"https:\/\/tmsbrokerage.com\/faqs\/#breadcrumb\"},\"inLanguage\":\"es\",\"potentialAction\":[{\"@type\":\"ReadAction\",\"target\":[\"https:\/\/tmsbrokerage.com\/faqs\/\"]}]},{\"@type\":\"BreadcrumbList\",\"@id\":\"https:\/\/tmsbrokerage.com\/faqs\/#breadcrumb\",\"itemListElement\":[{\"@type\":\"ListItem\",\"position\":1,\"name\":\"Home\",\"item\":\"https:\/\/tmsbrokerage.com\/\"},{\"@type\":\"ListItem\",\"position\":2,\"name\":\"FAQS\"}]},{\"@type\":\"WebSite\",\"@id\":\"https:\/\/tmsbrokerage.com\/#website\",\"url\":\"https:\/\/tmsbrokerage.com\/\",\"name\":\"TMS - Medicare FMO Texas\",\"description\":\"Medicare FMO San Antonio Texas\",\"potentialAction\":[{\"@type\":\"SearchAction\",\"target\":{\"@type\":\"EntryPoint\",\"urlTemplate\":\"https:\/\/tmsbrokerage.com\/?s={search_term_string}\"},\"query-input\":{\"@type\":\"PropertyValueSpecification\",\"valueRequired\":true,\"valueName\":\"search_term_string\"}}],\"inLanguage\":\"es\"}]}<\/script>\n<!-- \/ Yoast SEO plugin. -->","yoast_head_json":{"title":"FAQS - TMS - Medicare FMO Texas","description":"Encuentre respuestas a sus preguntas sobre seguros en la detallada p\u00e1gina de preguntas frecuentes de TMS Brokerage. Estamos aqu\u00ed para ayudarle a aclarar sus dudas sobre Medicare y seguros.","robots":{"index":"index","follow":"follow","max-snippet":"max-snippet:-1","max-image-preview":"max-image-preview:large","max-video-preview":"max-video-preview:-1"},"canonical":"https:\/\/tmsbrokerage.com\/es\/preguntas-frecuentes\/","og_locale":"es_ES","og_type":"article","og_title":"FAQS - TMS - Medicare FMO Texas","og_description":"Find answers to your pressing insurance questions with TMS Brokerage's detailed FAQ page. We're here to help clarify your Medicare and insurance queries.","og_url":"https:\/\/tmsbrokerage.com\/es\/preguntas-frecuentes\/","og_site_name":"TMS - Medicare FMO Texas","article_modified_time":"2025-08-13T11:06:34+00:00","twitter_card":"summary_large_image","twitter_misc":{"Tiempo de lectura":"5 minutos"},"schema":{"@context":"https:\/\/schema.org","@graph":[{"@type":"WebPage","@id":"https:\/\/tmsbrokerage.com\/faqs\/","url":"https:\/\/tmsbrokerage.com\/faqs\/","name":"FAQS - TMS - Medicare FMO Texas","isPartOf":{"@id":"https:\/\/tmsbrokerage.com\/#website"},"datePublished":"2025-07-29T10:15:23+00:00","dateModified":"2025-08-13T11:06:34+00:00","description":"Encuentre respuestas a sus preguntas sobre seguros en la detallada p\u00e1gina de preguntas frecuentes de TMS Brokerage. Estamos aqu\u00ed para ayudarle a aclarar sus dudas sobre Medicare y seguros.","breadcrumb":{"@id":"https:\/\/tmsbrokerage.com\/faqs\/#breadcrumb"},"inLanguage":"es","potentialAction":[{"@type":"ReadAction","target":["https:\/\/tmsbrokerage.com\/faqs\/"]}]},{"@type":"BreadcrumbList","@id":"https:\/\/tmsbrokerage.com\/faqs\/#breadcrumb","itemListElement":[{"@type":"ListItem","position":1,"name":"Home","item":"https:\/\/tmsbrokerage.com\/"},{"@type":"ListItem","position":2,"name":"FAQS"}]},{"@type":"WebSite","@id":"https:\/\/tmsbrokerage.com\/#website","url":"https:\/\/tmsbrokerage.com\/","name":"TMS - Medicare FMO Texas","description":"Medicare FMO San Antonio Texas","potentialAction":[{"@type":"SearchAction","target":{"@type":"EntryPoint","urlTemplate":"https:\/\/tmsbrokerage.com\/?s={search_term_string}"},"query-input":{"@type":"PropertyValueSpecification","valueRequired":true,"valueName":"search_term_string"}}],"inLanguage":"es"}]}},"_links":{"self":[{"href":"https:\/\/tmsbrokerage.com\/es\/wp-json\/wp\/v2\/pages\/115","targetHints":{"allow":["GET"]}}],"collection":[{"href":"https:\/\/tmsbrokerage.com\/es\/wp-json\/wp\/v2\/pages"}],"about":[{"href":"https:\/\/tmsbrokerage.com\/es\/wp-json\/wp\/v2\/types\/page"}],"author":[{"embeddable":true,"href":"https:\/\/tmsbrokerage.com\/es\/wp-json\/wp\/v2\/users\/1"}],"replies":[{"embeddable":true,"href":"https:\/\/tmsbrokerage.com\/es\/wp-json\/wp\/v2\/comments?post=115"}],"version-history":[{"count":25,"href":"https:\/\/tmsbrokerage.com\/es\/wp-json\/wp\/v2\/pages\/115\/revisions"}],"predecessor-version":[{"id":3032,"href":"https:\/\/tmsbrokerage.com\/es\/wp-json\/wp\/v2\/pages\/115\/revisions\/3032"}],"wp:attachment":[{"href":"https:\/\/tmsbrokerage.com\/es\/wp-json\/wp\/v2\/media?parent=115"}],"curies":[{"name":"wp","href":"https:\/\/api.w.org\/{rel}","templated":true}]}}